{"id":3255,"date":"2020-01-14T05:15:32","date_gmt":"2020-01-14T05:15:32","guid":{"rendered":"https:\/\/www.tarsso.com\/politica-de-privacidad\/"},"modified":"2026-05-06T12:26:56","modified_gmt":"2026-05-06T10:26:56","slug":"politica-de-privacidad","status":"publish","type":"page","link":"https:\/\/www.tarsso.com\/en\/politica-de-privacidad\/","title":{"rendered":"Pol\u00edtica de Privacidad"},"content":{"rendered":"<p><span style=\"color: #000000;\"><strong>POL\u00cdTICA DE PRIVACIDAD<\/strong><\/span><\/p>\n<p><span style=\"color: #000000;\">Siguiendo los principios de licitud, lealtad y transparencia, ponemos a su disposici\u00f3n la presente Pol\u00edtica de Privacidad.<\/span><\/p>\n<ol>\n<li><span style=\"color: #000000;\">Qui\u00e9n es el Responsable del tratamiento de sus datos?<\/span><\/li>\n<\/ol>\n<table style=\"height: 449px;\" width=\"598\">\n<tbody>\n<tr>\n<td width=\"140\"><span style=\"color: #000000;\"><strong>Responsable<\/strong><\/span><\/td>\n<td width=\"437\"><span style=\"color: #000000;\">Tarsso Abogados SL<\/span><\/td>\n<\/tr>\n<tr>\n<td width=\"140\"><span style=\"color: #000000;\"><strong>NIF<\/strong><\/span><\/td>\n<td width=\"437\"><span style=\"color: #000000;\">B85345452<\/span><\/td>\n<\/tr>\n<tr>\n<td width=\"140\"><span style=\"color: #000000;\"><strong>Domicilio social<\/strong><\/span><\/td>\n<td width=\"437\"><span style=\"color: #000000;\">Calle Emilio Vargas, 1, Madrid, 28043, Madrid<\/span><\/td>\n<\/tr>\n<tr>\n<td width=\"140\"><span style=\"color: #000000;\"><strong>Correo electr\u00f3nico <\/strong><\/span><\/td>\n<td width=\"437\"><span style=\"color: #000000;\"><a style=\"color: #000000;\" href=\"&#109;&#x61;i&#108;&#x74;o&#58;&#x69;n&#x66;&#x6f;&#64;&#x74;a&#114;&#x73;s&#111;&#x2e;c&#x6f;&#x6d;\">&#x69;&#110;&#x66;&#x6f;&#64;&#x74;&#97;r&#x73;&#115;o&#x2e;&#99;o&#x6d;<\/a><\/span><\/td>\n<\/tr>\n<tr>\n<td width=\"140\"><span style=\"color: #000000;\"><strong>Tel\u00e9fono<\/strong><\/span><\/td>\n<td width=\"437\"><span style=\"color: #000000;\">91 744 16 84<\/span><\/td>\n<\/tr>\n<tr>\n<td width=\"140\"><span style=\"color: #000000;\"><strong>Delegado de Protecci\u00f3n de datos<\/strong><\/span><\/td>\n<td width=\"437\"><span style=\"color: #000000;\"><a style=\"color: #000000;\" href=\"&#x6d;&#x61;&#x69;&#x6c;&#x74;&#x6f;&#58;&#100;&#112;&#111;&#64;tar&#x73;&#x73;&#x6f;&#x2e;&#x63;&#x6f;&#109;\">dpo&#64;&#116;&#97;&#114;&#x73;&#x73;&#x6f;&#x2e;&#x63;&#x6f;&#x6d;<\/a><\/span><\/td>\n<\/tr>\n<\/tbody>\n<\/table>\n<ol start=\"2\">\n<li><span style=\"color: #000000;\">\u00bfCon qu\u00e9 finalidad tratamos sus datos personales?<\/span><\/li>\n<\/ol>\n<p><span style=\"color: #000000;\">En TARSSO ABOGADOS S.L, dependiendo de la categor\u00eda de interesado de que se trate, tratamos la informaci\u00f3n que nos facilita con las siguientes finalidades:<\/span><\/p>\n<table style=\"height: 304px;\" width=\"617\">\n<tbody>\n<tr>\n<td width=\"74\"><span style=\"color: #000000;\"><strong>Interesados<\/strong><\/span><\/td>\n<td width=\"529\"><span style=\"color: #000000;\">Finalidades del tratamiento<\/span><\/td>\n<\/tr>\n<tr>\n<td width=\"74\"><span style=\"color: #000000;\"><strong>Potenciales clientes<\/strong><\/span><\/td>\n<td width=\"529\"><span style=\"color: #000000;\">Gestionar la potencial relaci\u00f3n comercial y\/o profesional, gestionar el env\u00edo de informaci\u00f3n solicitada y\/o resolver las consultas planteadas, facilitar ofertas de nuestros servicios y\/o productos de su inter\u00e9s.<\/span><\/td>\n<\/tr>\n<tr>\n<td width=\"74\"><span style=\"color: #000000;\"><strong>Clientes<\/strong><\/span><\/td>\n<td width=\"529\"><span style=\"color: #000000;\">Gestionar la relaci\u00f3n comercial y\/o profesional, facilitar ofertas de nuestros servicios y\/o productos de su inter\u00e9s.<\/span><\/td>\n<\/tr>\n<tr>\n<td width=\"74\"><span style=\"color: #000000;\"><strong>Proveedores<\/strong><\/span><\/td>\n<td width=\"529\"><span style=\"color: #000000;\">Gestionar la relaci\u00f3n comercial y\/o profesional.<\/span><\/td>\n<\/tr>\n<tr>\n<td width=\"74\"><span style=\"color: #000000;\"><strong>Candidatos<\/strong><\/span><\/td>\n<td width=\"529\"><span style=\"color: #000000;\">Gestionar el proceso de selecci\u00f3n de personal.<\/span><\/td>\n<\/tr>\n<tr>\n<td width=\"74\"><span style=\"color: #000000;\"><strong>Usuarios web<\/strong><\/span><\/td>\n<td width=\"529\"><span style=\"color: #000000;\">Gestionar el an\u00e1lisis de sus datos de navegaci\u00f3n<\/span><\/td>\n<\/tr>\n<\/tbody>\n<\/table>\n<ol start=\"3\">\n<li><span style=\"color: #000000;\">\u00bfCu\u00e1l es la legitimaci\u00f3n para el tratamiento de sus datos?<\/span><\/li>\n<\/ol>\n<p><span style=\"color: #000000;\">La base legal para el tratamiento de sus datos personales, dependiendo de la categor\u00eda de interesado de que se trate, puede ser:<\/span><\/p>\n<table style=\"height: 417px;\" width=\"619\">\n<tbody>\n<tr>\n<td width=\"92\"><span style=\"color: #000000;\"><strong>Interesados<\/strong><\/span><\/td>\n<td width=\"511\"><span style=\"color: #000000;\">Base legal<\/span><\/td>\n<\/tr>\n<tr>\n<td rowspan=\"3\" width=\"92\"><span style=\"color: #000000;\"><strong>Potenciales clientes<\/strong><\/span><\/td>\n<td width=\"511\"><span style=\"color: #000000;\">Art. 6.1.b RGPD: aplicaci\u00f3n, a petici\u00f3n del interesado, de medidas precontractuales (presupuestos, hojas de encargo, ofertas de servicios\u2026).<\/span><\/td>\n<\/tr>\n<tr>\n<td width=\"511\"><span style=\"color: #000000;\">Art. 6.1.f RGPD: Inter\u00e9s leg\u00edtimo (enviar informaci\u00f3n solicitada, responder a las consultas planteadas\u2026).<\/span><\/td>\n<\/tr>\n<tr>\n<td width=\"511\"><span style=\"color: #000000;\">Art. 6.1.a RGPD: consentimiento del propio interesado (facilitar ofertas de nuestros servicios y\/o productos).<\/span><\/td>\n<\/tr>\n<tr>\n<td width=\"92\"><span style=\"color: #000000;\"><strong>Clientes<\/strong><\/span><\/td>\n<td width=\"511\"><span style=\"color: #000000;\">Art. 6.1.b RGPD: ejecuci\u00f3n de un contrato en el que el interesado es parte.<\/span><\/td>\n<\/tr>\n<tr>\n<td width=\"92\"><span style=\"color: #000000;\"><strong>Proveedores<\/strong><\/span><\/td>\n<td width=\"511\"><span style=\"color: #000000;\">Art. 6.1.b RGPD: ejecuci\u00f3n de un contrato en el que el interesado es parte.<\/span><\/td>\n<\/tr>\n<tr>\n<td width=\"92\"><span style=\"color: #000000;\"><strong>Candidatos<\/strong><\/span><\/td>\n<td width=\"511\"><span style=\"color: #000000;\">Art. 6.1.a RGPD: consentimiento del propio interesado.<\/span><\/td>\n<\/tr>\n<tr>\n<td width=\"92\"><span style=\"color: #000000;\"><strong>Usuarios web<\/strong><\/span><\/td>\n<td width=\"511\"><span style=\"color: #000000;\">Art. 6.1.a RGPD: consentimiento del propio interesado.<\/span><\/td>\n<\/tr>\n<\/tbody>\n<\/table>\n<p><span style=\"color: #000000;\">Los datos que le solicitamos son adecuados, pertinentes y estrictamente necesarios y en ning\u00fan caso est\u00e1 obligado a facilit\u00e1rnoslos, pero su no comunicaci\u00f3n podr\u00e1 afectar a la finalidad del servicio o la imposibilidad de prestarlo.<\/span><\/p>\n<ol start=\"4\">\n<li><span style=\"color: #000000;\">\u00bfPor cu\u00e1nto tiempo conservaremos sus datos personales?<\/span><\/li>\n<\/ol>\n<p><span style=\"color: #000000;\">Sus datos, ser\u00e1n conservados el tiempo m\u00ednimo necesario para la correcta prestaci\u00f3n del servicio ofrecido as\u00ed como para atender las responsabilidades que se pudieran derivar del mismo y de cualquier otra exigencia legal.<\/span><\/p>\n<ol start=\"5\">\n<li><span style=\"color: #000000;\">\u00bfA qu\u00e9 destinatarios se comunicar\u00e1n sus datos?<\/span><\/li>\n<\/ol>\n<p><span style=\"color: #000000;\">TARSSO ABOGADOS S.L, para una correcta prestaci\u00f3n de los servicios, podr\u00e1 comunicar sus datos a:<\/span><\/p>\n<ul>\n<li><span style=\"color: #000000;\">TARSSO PROCURADORES SL, IBERUS LEGAL &amp; FINANCE SL y TARSSO INTERMEDIACI\u00d3N SL ya que forman parte del grupo empresarial<\/span><\/li>\n<\/ul>\n<p><span style=\"color: #000000;\">Adicionalmente le informamos que determinados datos, en virtud de la normativa vigente o de la relaci\u00f3n contractual que mantenga TARSSO ABOGADOS S.L, podr\u00e1n ser comunicados a:<\/span><\/p>\n<ul>\n<li><span style=\"color: #000000;\">Los bancos y entidades financieras para el cobro de los servicios contratados y\/o productos comprados.<\/span><\/li>\n<li><span style=\"color: #000000;\">Administraciones p\u00fablicas con competencia en los sectores de la actividad de TARSSO ABOGADOS S.L, cuando as\u00ed lo establezca la normativa vigente.<\/span><\/li>\n<\/ul>\n<ol start=\"6\">\n<li><span style=\"color: #000000;\">\u00bfCu\u00e1les son sus derechos cuando nos facilita sus datos?<\/span><\/li>\n<\/ol>\n<p><span style=\"color: #000000;\">Los derechos de protecci\u00f3n de datos que podr\u00e1n ejercer los interesados, cuando procedan, son:<\/span><\/p>\n<ul>\n<li><span style=\"color: #000000;\">Derecho a solicitar el acceso a los datos personales relativos al interesado.<\/span><\/li>\n<li><span style=\"color: #000000;\">Derecho de rectificaci\u00f3n o supresi\u00f3n.<\/span><\/li>\n<li><span style=\"color: #000000;\">Derecho de oposici\u00f3n.<\/span><\/li>\n<li><span style=\"color: #000000;\">Derecho a solicitar la limitaci\u00f3n de su tratamiento.<\/span><\/li>\n<li><span style=\"color: #000000;\">Derecho a la portabilidad de los datos.<\/span><\/li>\n<li><span style=\"color: #000000;\">Derecho a no ser objeto de decisiones basadas \u00fanicamente en el tratamiento automatizado de datos.<\/span><\/li>\n<\/ul>\n<p><span style=\"color: #000000;\">Los titulares de los datos personales obtenidos podr\u00e1n ejercer sus derechos de protecci\u00f3n de datos personales dirigiendo una comunicaci\u00f3n por escrito al domicilio social de TARSSO ABOGADOS S.L o al correo electr\u00f3nico <a style=\"color: #000000;\" href=\"&#x6d;&#x61;&#x69;&#108;&#116;&#111;:d&#x70;&#x6f;&#x40;&#x74;&#97;&#114;ss&#x6f;&#x2e;&#x63;&#x6f;&#109;\">&#100;&#x70;o&#64;&#x74;a&#114;&#x73;s&#111;&#x2e;c&#111;&#x6d;<\/a>.<\/span><\/p>\n<p><span style=\"color: #000000;\">Modelos, formularios y m\u00e1s informaci\u00f3n disponible sobre sus derechos en la p\u00e1gina web de la autoridad de control nacional, Agencia Espa\u00f1ola de Protecci\u00f3n de Datos, en adelante, AEPD, <a style=\"color: #000000;\" href=\"http:\/\/www.aepd.es\" rel=\"nofollow noopener\" target=\"_blank\">www.aepd.es<\/a><\/span><\/p>\n<ol start=\"7\">\n<li><span style=\"color: #000000;\">\u00bfPuedo retirar el consentimiento?<\/span><\/li>\n<\/ol>\n<p><span style=\"color: #000000;\">Usted tiene la posibilidad y el derecho a retirar el consentimiento para cualquier finalidad espec\u00edfica otorgada en su momento, sin que ello afecte a la licitud del tratamiento basado en el consentimiento previo a su retirada.<\/span><\/p>\n<ol start=\"8\">\n<li><span style=\"color: #000000;\">\u00bfD\u00f3nde puedo reclamar en caso de que considere que no se tratan mis datos correctamente?<\/span><\/li>\n<\/ol>\n<p><span style=\"color: #000000;\">Si alg\u00fan interesado considera que sus datos no son tratados correctamente por TARSSO ABOGADOS S.L o que las solicitudes de ejercicio de derechos no han sido atendidas de forma satisfactoria, puede interponer una reclamaci\u00f3n ante a la autoridad de protecci\u00f3n de datos que corresponda, siendo la AEPD la indicada en el territorio nacional, <a style=\"color: #000000;\" href=\"http:\/\/www.aepd.es\" rel=\"nofollow noopener\" target=\"_blank\">www.aepd.es<\/a>.<\/span><\/p>\n<ol start=\"9\">\n<li><span style=\"color: #000000;\">Seguridad y actualizaci\u00f3n de sus datos personales<\/span><\/li>\n<\/ol>\n<p><span style=\"color: #000000;\">Con el objetivo de salvaguardar la seguridad de sus datos personales, le informamos que ha adoptado todas las medidas de \u00edndole t\u00e9cnica y organizativa necesarias para garantizar la seguridad de los datos personales suministrados. Todo ello para evitar su alteraci\u00f3n, p\u00e9rdida, y\/o tratamientos o accesos no autorizados, tal como exige la normativa, si bien la seguridad absoluta no existe.<\/span><\/p>\n<p><span style=\"color: #000000;\">Es importante que, para que podamos mantener sus datos personales actualizados, nos informe siempre que se produzca una modificaci\u00f3n de los mismos.<\/span><\/p>\n<ol start=\"10\">\n<li><span style=\"color: #000000;\">Confidencialidad<\/span><\/li>\n<\/ol>\n<p><span style=\"color: #000000;\">TARSSO ABOGADOS S.L le informa que sus datos ser\u00e1n tratados con el m\u00e1ximo celo y confidencialidad por todo el personal que intervenga en cualquiera de las fases del tratamiento. No cederemos ni comunicaremos a ning\u00fan tercero sus datos, excepto en los casos legalmente previstos, o salvo que el interesado nos hubiera autorizado expresamente.<\/span><\/p>\n","protected":false},"excerpt":{"rendered":"<p>POL\u00cdTICA DE PRIVACIDAD Siguiendo los principios de licitud, lealtad y transparencia, ponemos a su disposici\u00f3n la presente Pol\u00edtica de Privacidad. Qui\u00e9n es el Responsable del tratamiento de sus datos? Responsable Tarsso Abogados SL NIF B85345452 Domicilio social Calle Emilio Vargas, 1, Madrid, 28043, Madrid Correo electr\u00f3nico &#x69;&#x6e;&#x66;&#x6f;&#64;&#116;&#97;&#114;sso&#x2e;&#x63;&#x6f;&#x6d; Tel\u00e9fono 91 744 16 84 Delegado de Protecci\u00f3n  [&#8230;]<\/p>\n","protected":false},"author":4,"featured_media":0,"parent":0,"menu_order":0,"comment_status":"closed","ping_status":"closed","template":"","meta":{"footnotes":""},"class_list":["post-3255","page","type-page","status-publish","hentry"],"_links":{"self":[{"href":"https:\/\/www.tarsso.com\/en\/wp-json\/wp\/v2\/pages\/3255","targetHints":{"allow":["GET"]}}],"collection":[{"href":"https:\/\/www.tarsso.com\/en\/wp-json\/wp\/v2\/pages"}],"about":[{"href":"https:\/\/www.tarsso.com\/en\/wp-json\/wp\/v2\/types\/page"}],"author":[{"embeddable":true,"href":"https:\/\/www.tarsso.com\/en\/wp-json\/wp\/v2\/users\/4"}],"replies":[{"embeddable":true,"href":"https:\/\/www.tarsso.com\/en\/wp-json\/wp\/v2\/comments?post=3255"}],"version-history":[{"count":1,"href":"https:\/\/www.tarsso.com\/en\/wp-json\/wp\/v2\/pages\/3255\/revisions"}],"predecessor-version":[{"id":4742,"href":"https:\/\/www.tarsso.com\/en\/wp-json\/wp\/v2\/pages\/3255\/revisions\/4742"}],"wp:attachment":[{"href":"https:\/\/www.tarsso.com\/en\/wp-json\/wp\/v2\/media?parent=3255"}],"curies":[{"name":"wp","href":"https:\/\/api.w.org\/{rel}","templated":true}]}}